{"id":46,"date":"2025-10-29T16:04:15","date_gmt":"2025-10-29T15:04:15","guid":{"rendered":"https:\/\/klubkreatywnychkobiet.pl\/index.php\/home\/"},"modified":"2026-04-13T08:09:29","modified_gmt":"2026-04-13T06:09:29","slug":"home","status":"publish","type":"page","link":"https:\/\/klubkreatywnychkobiet.pl\/","title":{"rendered":"Home"},"content":{"rendered":"\t\t<div data-elementor-type=\"wp-page\" data-elementor-id=\"46\" class=\"elementor elementor-46\">\n\t\t\t\t<div class=\"elementor-element elementor-element-54768fda e-con-full e-flex e-con e-parent\" data-id=\"54768fda\" data-element_type=\"container\" data-e-type=\"container\">\n\t\t<div class=\"elementor-element elementor-element-b3dbfd8 e-con-full e-flex e-con e-child\" data-id=\"b3dbfd8\" data-element_type=\"container\" data-e-type=\"container\">\n\t\t\t\t<div class=\"elementor-element elementor-element-43831e8d elementor-widget elementor-widget-heading\" data-id=\"43831e8d\" data-element_type=\"widget\" data-e-type=\"widget\" data-widget_type=\"heading.default\">\n\t\t\t\t\t<h1 class=\"elementor-heading-title elementor-size-default\">Witaj w Klubie <br>Kreatywnych Kobiet<\/h1>\t\t\t\t<\/div>\n\t\t\t\t<div class=\"elementor-element elementor-element-322f706 elementor-widget-divider--view-line elementor-widget elementor-widget-divider\" data-id=\"322f706\" data-element_type=\"widget\" data-e-type=\"widget\" data-widget_type=\"divider.default\">\n\t\t\t\t\t\t\t<div class=\"elementor-divider\">\n\t\t\t<span class=\"elementor-divider-separator\">\n\t\t\t\t\t\t<\/span>\n\t\t<\/div>\n\t\t\t\t\t\t<\/div>\n\t\t\t\t<div class=\"elementor-element elementor-element-6f99c144 elementor-widget__width-initial elementor-widget-mobile__width-inherit elementor-widget elementor-widget-text-editor\" data-id=\"6f99c144\" data-element_type=\"widget\" data-e-type=\"widget\" data-widget_type=\"text-editor.default\">\n\t\t\t\t\t\t\t\t\t<p><em>To przestrze\u0144, w kt\u00f3rej razem rozkwitamy, uczymy si\u0119 i nawi\u0105zujemy nowe relacje z kobietami, a przede wszystkim ze sam\u0105 sob\u0105 \u00a0<\/em><\/p>\t\t\t\t\t\t\t\t<\/div>\n\t\t\t\t<div class=\"elementor-element elementor-element-6380de1e elementor-mobile-align-center elementor-invisible elementor-widget elementor-widget-button\" data-id=\"6380de1e\" data-element_type=\"widget\" data-e-type=\"widget\" data-settings=\"{&quot;_animation&quot;:&quot;fadeInDown&quot;}\" data-widget_type=\"button.default\">\n\t\t\t\t\t\t\t\t\t\t<a class=\"elementor-button elementor-button-link elementor-size-sm\" href=\"https:\/\/klubkreatywnychkobiet.pl\/index.php\/contact-us\/\">\n\t\t\t\t\t\t<span class=\"elementor-button-content-wrapper\">\n\t\t\t\t\t\t\t\t\t<span class=\"elementor-button-text\">Zadzwo\u0144 do nas<\/span>\n\t\t\t\t\t<\/span>\n\t\t\t\t\t<\/a>\n\t\t\t\t\t\t\t\t<\/div>\n\t\t\t\t<\/div>\n\t\t<div class=\"elementor-element elementor-element-59102c52 e-con-full e-flex e-con e-child\" data-id=\"59102c52\" data-element_type=\"container\" data-e-type=\"container\" data-settings=\"{&quot;background_background&quot;:&quot;classic&quot;}\">\n\t\t\t\t<\/div>\n\t\t\t\t<\/div>\n\t\t<div class=\"elementor-element elementor-element-64602dce e-con-full e-flex e-con e-parent\" data-id=\"64602dce\" data-element_type=\"container\" data-e-type=\"container\">\n\t\t<div class=\"elementor-element elementor-element-13d7bffc e-con-full e-flex e-con e-child\" data-id=\"13d7bffc\" data-element_type=\"container\" data-e-type=\"container\">\n\t\t\t\t<div class=\"elementor-element elementor-element-541ca2e6 elementor-pagination-position-inside elementor-widget elementor-widget-image-carousel\" data-id=\"541ca2e6\" data-element_type=\"widget\" data-e-type=\"widget\" data-settings=\"{&quot;slides_to_show&quot;:&quot;1&quot;,&quot;navigation&quot;:&quot;dots&quot;,&quot;pause_on_hover&quot;:&quot;no&quot;,&quot;pause_on_interaction&quot;:&quot;no&quot;,&quot;autoplay&quot;:&quot;yes&quot;,&quot;autoplay_speed&quot;:5000,&quot;infinite&quot;:&quot;yes&quot;,&quot;effect&quot;:&quot;slide&quot;,&quot;speed&quot;:500}\" data-widget_type=\"image-carousel.default\">\n\t\t\t\t\t\t\t<div class=\"elementor-image-carousel-wrapper swiper\" role=\"region\" aria-roledescription=\"carousel\" aria-label=\"Karuzela obrazk\u00f3w\" dir=\"ltr\">\n\t\t\t<div class=\"elementor-image-carousel swiper-wrapper swiper-image-stretch\" aria-live=\"off\">\n\t\t\t\t\t\t\t\t<div class=\"swiper-slide\" role=\"group\" aria-roledescription=\"slide\" aria-label=\"1 z 6\"><figure class=\"swiper-slide-inner\"><img decoding=\"async\" class=\"swiper-slide-image\" src=\"https:\/\/klubkreatywnychkobiet.pl\/wp-content\/uploads\/2025\/10\/307586fb-c7ee-490d-bef5-3e7cc1e3691b.jpg\" alt=\"307586fb-c7ee-490d-bef5-3e7cc1e3691b\" \/><\/figure><\/div><div class=\"swiper-slide\" role=\"group\" aria-roledescription=\"slide\" aria-label=\"2 z 6\"><figure class=\"swiper-slide-inner\"><img decoding=\"async\" class=\"swiper-slide-image\" src=\"https:\/\/klubkreatywnychkobiet.pl\/wp-content\/uploads\/2025\/10\/55fe6751-dd22-47a8-80ef-c72a076fe871.jpg\" alt=\"55fe6751-dd22-47a8-80ef-c72a076fe871\" \/><\/figure><\/div><div class=\"swiper-slide\" role=\"group\" aria-roledescription=\"slide\" aria-label=\"3 z 6\"><figure class=\"swiper-slide-inner\"><img decoding=\"async\" class=\"swiper-slide-image\" src=\"https:\/\/klubkreatywnychkobiet.pl\/wp-content\/uploads\/2025\/11\/WhatsApp-Image-2025-11-10-at-13.52.45-1.jpeg\" alt=\"WhatsApp Image 2025-11-10 at 13.52.45 (1)\" \/><\/figure><\/div><div class=\"swiper-slide\" role=\"group\" aria-roledescription=\"slide\" aria-label=\"4 z 6\"><figure class=\"swiper-slide-inner\"><img decoding=\"async\" class=\"swiper-slide-image\" src=\"https:\/\/klubkreatywnychkobiet.pl\/wp-content\/uploads\/2025\/11\/WhatsApp-Image-2025-11-10-at-14.10.09.jpeg\" alt=\"WhatsApp Image 2025-11-10 at 14.10.09\" \/><\/figure><\/div><div class=\"swiper-slide\" role=\"group\" aria-roledescription=\"slide\" aria-label=\"5 z 6\"><figure class=\"swiper-slide-inner\"><img decoding=\"async\" class=\"swiper-slide-image\" src=\"https:\/\/klubkreatywnychkobiet.pl\/wp-content\/uploads\/2025\/11\/WhatsApp-Image-2025-11-10-at-14.13.01.jpeg\" alt=\"WhatsApp Image 2025-11-10 at 14.13.01\" \/><\/figure><\/div><div class=\"swiper-slide\" role=\"group\" aria-roledescription=\"slide\" aria-label=\"6 z 6\"><figure class=\"swiper-slide-inner\"><img decoding=\"async\" class=\"swiper-slide-image\" src=\"https:\/\/klubkreatywnychkobiet.pl\/wp-content\/uploads\/2025\/11\/WhatsApp-Image-2025-11-10-at-13.52.44-1.jpeg\" alt=\"WhatsApp Image 2025-11-10 at 13.52.44 (1)\" \/><\/figure><\/div>\t\t\t<\/div>\n\t\t\t\t\t\t\t\n\t\t\t\t\t\t\t\t\t<div class=\"swiper-pagination\"><\/div>\n\t\t\t\t\t\t\t\t\t<\/div>\n\t\t\t\t\t\t<\/div>\n\t\t\t\t<\/div>\n\t\t<div class=\"elementor-element elementor-element-2bc4d7a2 e-con-full e-flex e-con e-child\" data-id=\"2bc4d7a2\" data-element_type=\"container\" data-e-type=\"container\">\n\t\t\t\t<div class=\"elementor-element elementor-element-1f08210a elementor-widget elementor-widget-heading\" data-id=\"1f08210a\" data-element_type=\"widget\" data-e-type=\"widget\" data-widget_type=\"heading.default\">\n\t\t\t\t\t<h2 class=\"elementor-heading-title elementor-size-default\">Regularnie spotykamy si\u0119 w gronie kobiet<\/h2>\t\t\t\t<\/div>\n\t\t\t\t<div class=\"elementor-element elementor-element-f2744ef elementor-widget__width-initial elementor-widget elementor-widget-text-editor\" data-id=\"f2744ef\" data-element_type=\"widget\" data-e-type=\"widget\" data-widget_type=\"text-editor.default\">\n\t\t\t\t\t\t\t\t\t<p><i>na warsztaty z zakresu \u015bwiadomo\u015bci, rozwoju duchowego, psychologii i holistycznego podej\u015bcia do zdrowia.<\/i><\/p>\t\t\t\t\t\t\t\t<\/div>\n\t\t\t\t<div class=\"elementor-element elementor-element-7824db44 elementor-align-left elementor-mobile-align-center elementor-invisible elementor-widget elementor-widget-button\" data-id=\"7824db44\" data-element_type=\"widget\" data-e-type=\"widget\" data-settings=\"{&quot;_animation&quot;:&quot;fadeInDown&quot;}\" data-widget_type=\"button.default\">\n\t\t\t\t\t\t\t\t\t\t<a class=\"elementor-button elementor-button-link elementor-size-sm\" href=\"https:\/\/klubkreatywnychkobiet.pl\/index.php\/gallery\/\">\n\t\t\t\t\t\t<span class=\"elementor-button-content-wrapper\">\n\t\t\t\t\t\t\t\t\t<span class=\"elementor-button-text\">Przejd\u017a do kalendarza wydarze\u0144<\/span>\n\t\t\t\t\t<\/span>\n\t\t\t\t\t<\/a>\n\t\t\t\t\t\t\t\t<\/div>\n\t\t\t\t<\/div>\n\t\t\t\t<\/div>\n\t\t<div class=\"elementor-element elementor-element-4be693b e-con-full e-flex e-con e-parent\" data-id=\"4be693b\" data-element_type=\"container\" data-e-type=\"container\">\n\t\t<div class=\"elementor-element elementor-element-7cbe899c e-con-full e-flex e-con e-child\" data-id=\"7cbe899c\" data-element_type=\"container\" data-e-type=\"container\">\n\t\t\t\t<\/div>\n\t\t\t\t<div class=\"elementor-element elementor-element-602c098 elementor-widget elementor-widget-heading\" data-id=\"602c098\" data-element_type=\"widget\" data-e-type=\"widget\" data-widget_type=\"heading.default\">\n\t\t\t\t\t<h2 class=\"elementor-heading-title elementor-size-default\"><i>Zobacz co si\u0119 u nas dzia\u0142o<\/i><\/h2>\t\t\t\t<\/div>\n\t\t<div class=\"elementor-element elementor-element-53df3e94 e-con-full e-flex e-con e-child\" data-id=\"53df3e94\" data-element_type=\"container\" data-e-type=\"container\">\n\t\t\t\t<\/div>\n\t\t\t\t<\/div>\n\t\t<div class=\"elementor-element elementor-element-ed0315b e-con-full e-flex e-con e-parent\" data-id=\"ed0315b\" data-element_type=\"container\" data-e-type=\"container\">\n\t\t<div class=\"elementor-element elementor-element-4d0763a e-con-full e-flex e-con e-child\" data-id=\"4d0763a\" data-element_type=\"container\" data-e-type=\"container\">\n\t\t\t\t<\/div>\n\t\t<div class=\"elementor-element elementor-element-43e19e4 e-con-full e-flex e-con e-child\" data-id=\"43e19e4\" data-element_type=\"container\" data-e-type=\"container\">\n\t\t\t\t<div class=\"elementor-element elementor-element-9b8d43a elementor-widget elementor-widget-image\" data-id=\"9b8d43a\" data-element_type=\"widget\" data-e-type=\"widget\" data-widget_type=\"image.default\">\n\t\t\t\t\t\t\t\t\t\t\t\t\t\t\t<img fetchpriority=\"high\" decoding=\"async\" width=\"800\" height=\"600\" src=\"https:\/\/klubkreatywnychkobiet.pl\/wp-content\/uploads\/2025\/11\/WhatsApp-Image-2025-11-10-at-14.10.08-1024x768.jpeg\" class=\"attachment-large size-large wp-image-271\" alt=\"\" srcset=\"https:\/\/klubkreatywnychkobiet.pl\/wp-content\/uploads\/2025\/11\/WhatsApp-Image-2025-11-10-at-14.10.08-1024x768.jpeg 1024w, https:\/\/klubkreatywnychkobiet.pl\/wp-content\/uploads\/2025\/11\/WhatsApp-Image-2025-11-10-at-14.10.08-300x225.jpeg 300w, https:\/\/klubkreatywnychkobiet.pl\/wp-content\/uploads\/2025\/11\/WhatsApp-Image-2025-11-10-at-14.10.08-768x576.jpeg 768w, https:\/\/klubkreatywnychkobiet.pl\/wp-content\/uploads\/2025\/11\/WhatsApp-Image-2025-11-10-at-14.10.08-1536x1152.jpeg 1536w, https:\/\/klubkreatywnychkobiet.pl\/wp-content\/uploads\/2025\/11\/WhatsApp-Image-2025-11-10-at-14.10.08.jpeg 2048w\" sizes=\"(max-width: 800px) 100vw, 800px\" \/>\t\t\t\t\t\t\t\t\t\t\t\t\t\t\t<\/div>\n\t\t\t\t<div class=\"elementor-element elementor-element-24a06a7 elementor-widget__width-initial elementor-widget elementor-widget-text-editor\" data-id=\"24a06a7\" data-element_type=\"widget\" data-e-type=\"widget\" data-widget_type=\"text-editor.default\">\n\t\t\t\t\t\t\t\t\t<p><em>Warsztaty: Wewn\u0119trzne Dziecko i Pami\u0119\u0107 Duszy &#8211;<\/em><br \/><em>Regresja do Pocz\u0105tk\u00f3w Twojej Mocy z Izabel\u0105 Skar\u017cysk\u0105<\/em><\/p>\t\t\t\t\t\t\t\t<\/div>\n\t\t\t\t<div class=\"elementor-element elementor-element-f384ec1 elementor-widget elementor-widget-image\" data-id=\"f384ec1\" data-element_type=\"widget\" data-e-type=\"widget\" data-widget_type=\"image.default\">\n\t\t\t\t\t\t\t\t\t\t\t\t\t\t\t<img decoding=\"async\" width=\"800\" height=\"450\" src=\"https:\/\/klubkreatywnychkobiet.pl\/wp-content\/uploads\/2025\/11\/WhatsApp-Image-2025-11-10-at-14.13.00-1024x576.jpeg\" class=\"attachment-large size-large wp-image-272\" alt=\"\" srcset=\"https:\/\/klubkreatywnychkobiet.pl\/wp-content\/uploads\/2025\/11\/WhatsApp-Image-2025-11-10-at-14.13.00-1024x576.jpeg 1024w, https:\/\/klubkreatywnychkobiet.pl\/wp-content\/uploads\/2025\/11\/WhatsApp-Image-2025-11-10-at-14.13.00-300x169.jpeg 300w, https:\/\/klubkreatywnychkobiet.pl\/wp-content\/uploads\/2025\/11\/WhatsApp-Image-2025-11-10-at-14.13.00-768x432.jpeg 768w, https:\/\/klubkreatywnychkobiet.pl\/wp-content\/uploads\/2025\/11\/WhatsApp-Image-2025-11-10-at-14.13.00-1536x864.jpeg 1536w, https:\/\/klubkreatywnychkobiet.pl\/wp-content\/uploads\/2025\/11\/WhatsApp-Image-2025-11-10-at-14.13.00.jpeg 2048w\" sizes=\"(max-width: 800px) 100vw, 800px\" \/>\t\t\t\t\t\t\t\t\t\t\t\t\t\t\t<\/div>\n\t\t\t\t<div class=\"elementor-element elementor-element-648f68d elementor-widget__width-initial elementor-widget elementor-widget-text-editor\" data-id=\"648f68d\" data-element_type=\"widget\" data-e-type=\"widget\" data-widget_type=\"text-editor.default\">\n\t\t\t\t\t\t\t\t\t<p>Zaproszenie KKK do Studia Figura na D\u0105br\u00f3wce M. na \u015awi\u0119to Dyni do zareklamowania si\u0119 i opowiedzadzenia czym zajmujemy si\u0119 na warsztatach i spotkaniach<\/p>\t\t\t\t\t\t\t\t<\/div>\n\t\t\t\t<div class=\"elementor-element elementor-element-017588b elementor-widget elementor-widget-image\" data-id=\"017588b\" data-element_type=\"widget\" data-e-type=\"widget\" data-widget_type=\"image.default\">\n\t\t\t\t\t\t\t\t\t\t\t\t\t\t\t<img decoding=\"async\" width=\"800\" height=\"534\" src=\"https:\/\/klubkreatywnychkobiet.pl\/wp-content\/uploads\/2025\/10\/IMG_9689-1024x683.jpeg\" class=\"attachment-large size-large wp-image-124\" alt=\"\" srcset=\"https:\/\/klubkreatywnychkobiet.pl\/wp-content\/uploads\/2025\/10\/IMG_9689-1024x683.jpeg 1024w, https:\/\/klubkreatywnychkobiet.pl\/wp-content\/uploads\/2025\/10\/IMG_9689-300x200.jpeg 300w, https:\/\/klubkreatywnychkobiet.pl\/wp-content\/uploads\/2025\/10\/IMG_9689-768x512.jpeg 768w, https:\/\/klubkreatywnychkobiet.pl\/wp-content\/uploads\/2025\/10\/IMG_9689-1536x1024.jpeg 1536w, https:\/\/klubkreatywnychkobiet.pl\/wp-content\/uploads\/2025\/10\/IMG_9689.jpeg 2048w\" sizes=\"(max-width: 800px) 100vw, 800px\" \/>\t\t\t\t\t\t\t\t\t\t\t\t\t\t\t<\/div>\n\t\t\t\t<div class=\"elementor-element elementor-element-a1c0193 elementor-widget__width-initial elementor-widget elementor-widget-text-editor\" data-id=\"a1c0193\" data-element_type=\"widget\" data-e-type=\"widget\" data-widget_type=\"text-editor.default\">\n\t\t\t\t\t\t\t\t\t<p>Spotkanie Kteatywnych Kobiet Biznesu w Zag\u0142\u0119biu , zajmuj\u0105cych si\u0119 r\u00f3\u017cnymi bran\u017cami i us\u0142ugami. <br \/>Wymiana do\u015bwiadczeniami i kontaktami. <\/p>\t\t\t\t\t\t\t\t<\/div>\n\t\t\t\t<div class=\"elementor-element elementor-element-2742926 elementor-widget elementor-widget-image\" data-id=\"2742926\" data-element_type=\"widget\" data-e-type=\"widget\" data-widget_type=\"image.default\">\n\t\t\t\t\t\t\t\t\t\t\t\t\t\t\t<img loading=\"lazy\" decoding=\"async\" width=\"800\" height=\"619\" src=\"https:\/\/klubkreatywnychkobiet.pl\/wp-content\/uploads\/2025\/11\/Screenshot-2025-11-20-at-19.29.56-1024x792.png\" class=\"attachment-large size-large wp-image-299\" alt=\"\" srcset=\"https:\/\/klubkreatywnychkobiet.pl\/wp-content\/uploads\/2025\/11\/Screenshot-2025-11-20-at-19.29.56-1024x792.png 1024w, https:\/\/klubkreatywnychkobiet.pl\/wp-content\/uploads\/2025\/11\/Screenshot-2025-11-20-at-19.29.56-300x232.png 300w, https:\/\/klubkreatywnychkobiet.pl\/wp-content\/uploads\/2025\/11\/Screenshot-2025-11-20-at-19.29.56-768x594.png 768w, https:\/\/klubkreatywnychkobiet.pl\/wp-content\/uploads\/2025\/11\/Screenshot-2025-11-20-at-19.29.56.png 1140w\" sizes=\"(max-width: 800px) 100vw, 800px\" \/>\t\t\t\t\t\t\t\t\t\t\t\t\t\t\t<\/div>\n\t\t\t\t<div class=\"elementor-element elementor-element-3a7b5af elementor-widget__width-initial elementor-widget elementor-widget-text-editor\" data-id=\"3a7b5af\" data-element_type=\"widget\" data-e-type=\"widget\" data-widget_type=\"text-editor.default\">\n\t\t\t\t\t\t\t\t\t<p>Wicie wiank\u00f3w na na \u015awiecie Kupa\u0142y. <\/p>\t\t\t\t\t\t\t\t<\/div>\n\t\t\t\t<div class=\"elementor-element elementor-element-ad2a28e elementor-widget elementor-widget-image\" data-id=\"ad2a28e\" data-element_type=\"widget\" data-e-type=\"widget\" data-widget_type=\"image.default\">\n\t\t\t\t\t\t\t\t\t\t\t\t\t\t\t<img loading=\"lazy\" decoding=\"async\" width=\"800\" height=\"636\" src=\"https:\/\/klubkreatywnychkobiet.pl\/wp-content\/uploads\/2025\/11\/Screenshot-2025-11-20-at-19.32.04-1024x814.png\" class=\"attachment-large size-large wp-image-303\" alt=\"\" srcset=\"https:\/\/klubkreatywnychkobiet.pl\/wp-content\/uploads\/2025\/11\/Screenshot-2025-11-20-at-19.32.04-1024x814.png 1024w, https:\/\/klubkreatywnychkobiet.pl\/wp-content\/uploads\/2025\/11\/Screenshot-2025-11-20-at-19.32.04-300x238.png 300w, https:\/\/klubkreatywnychkobiet.pl\/wp-content\/uploads\/2025\/11\/Screenshot-2025-11-20-at-19.32.04-768x610.png 768w, https:\/\/klubkreatywnychkobiet.pl\/wp-content\/uploads\/2025\/11\/Screenshot-2025-11-20-at-19.32.04.png 1140w\" sizes=\"(max-width: 800px) 100vw, 800px\" \/>\t\t\t\t\t\t\t\t\t\t\t\t\t\t\t<\/div>\n\t\t\t\t<div class=\"elementor-element elementor-element-df4b60d elementor-widget__width-initial elementor-widget elementor-widget-text-editor\" data-id=\"df4b60d\" data-element_type=\"widget\" data-e-type=\"widget\" data-widget_type=\"text-editor.default\">\n\t\t\t\t\t\t\t\t\t<p>Warsztaty:<br \/>&#8222;Jak analiza kolorystyczna u\u0142atwia stworzenie swojego stylu?&#8221; z Edyt\u0105 Z\u0142otkowsk\u0105<\/p>\t\t\t\t\t\t\t\t<\/div>\n\t\t\t\t<\/div>\n\t\t<div class=\"elementor-element elementor-element-9bc10cb e-con-full e-flex e-con e-child\" data-id=\"9bc10cb\" data-element_type=\"container\" data-e-type=\"container\">\n\t\t\t\t<\/div>\n\t\t\t\t<\/div>\n\t\t\t\t<\/div>\n\t\t","protected":false},"excerpt":{"rendered":"<p>Witaj w Klubie Kreatywnych Kobiet To przestrze\u0144, w kt\u00f3rej razem rozkwitamy, uczymy si\u0119 i nawi\u0105zujemy nowe relacje z kobietami, a przede wszystkim ze sam\u0105 sob\u0105 \u00a0 Zadzwo\u0144 do nas Regularnie spotykamy si\u0119 w gronie kobiet na warsztaty z zakresu \u015bwiadomo\u015bci, rozwoju duchowego, psychologii i holistycznego podej\u015bcia do zdrowia. Przejd\u017a do kalendarza wydarze\u0144 Zobacz co si\u0119 [&hellip;]<\/p>\n","protected":false},"author":1,"featured_media":51,"parent":0,"menu_order":0,"comment_status":"closed","ping_status":"closed","template":"elementor_header_footer","meta":{"footnotes":""},"class_list":["post-46","page","type-page","status-publish","has-post-thumbnail","hentry"],"_links":{"self":[{"href":"https:\/\/klubkreatywnychkobiet.pl\/index.php\/wp-json\/wp\/v2\/pages\/46","targetHints":{"allow":["GET"]}}],"collection":[{"href":"https:\/\/klubkreatywnychkobiet.pl\/index.php\/wp-json\/wp\/v2\/pages"}],"about":[{"href":"https:\/\/klubkreatywnychkobiet.pl\/index.php\/wp-json\/wp\/v2\/types\/page"}],"author":[{"embeddable":true,"href":"https:\/\/klubkreatywnychkobiet.pl\/index.php\/wp-json\/wp\/v2\/users\/1"}],"replies":[{"embeddable":true,"href":"https:\/\/klubkreatywnychkobiet.pl\/index.php\/wp-json\/wp\/v2\/comments?post=46"}],"version-history":[{"count":86,"href":"https:\/\/klubkreatywnychkobiet.pl\/index.php\/wp-json\/wp\/v2\/pages\/46\/revisions"}],"predecessor-version":[{"id":550,"href":"https:\/\/klubkreatywnychkobiet.pl\/index.php\/wp-json\/wp\/v2\/pages\/46\/revisions\/550"}],"wp:featuredmedia":[{"embeddable":true,"href":"https:\/\/klubkreatywnychkobiet.pl\/index.php\/wp-json\/wp\/v2\/media\/51"}],"wp:attachment":[{"href":"https:\/\/klubkreatywnychkobiet.pl\/index.php\/wp-json\/wp\/v2\/media?parent=46"}],"curies":[{"name":"wp","href":"https:\/\/api.w.org\/{rel}","templated":true}]}}