{"id":442,"date":"2025-12-07T18:21:14","date_gmt":"2025-12-07T17:21:14","guid":{"rendered":"https:\/\/klubkreatywnychkobiet.pl\/?page_id=442"},"modified":"2025-12-07T18:35:49","modified_gmt":"2025-12-07T17:35:49","slug":"kobiece-notatki-2","status":"publish","type":"page","link":"https:\/\/klubkreatywnychkobiet.pl\/index.php\/kobiece-notatki-2\/","title":{"rendered":"Kobiece notatki"},"content":{"rendered":"\t\t<div data-elementor-type=\"wp-page\" data-elementor-id=\"442\" class=\"elementor elementor-442\">\n\t\t\t\t<div class=\"elementor-element elementor-element-4be693b e-con-full e-flex e-con e-parent\" data-id=\"4be693b\" data-element_type=\"container\" data-e-type=\"container\">\n\t\t<div class=\"elementor-element elementor-element-7cbe899c e-con-full e-flex e-con e-child\" data-id=\"7cbe899c\" data-element_type=\"container\" data-e-type=\"container\">\n\t\t\t\t<\/div>\n\t\t<div class=\"elementor-element elementor-element-53df3e94 e-con-full e-flex e-con e-child\" data-id=\"53df3e94\" data-element_type=\"container\" data-e-type=\"container\">\n\t\t\t\t<\/div>\n\t\t\t\t<\/div>\n\t\t<div class=\"elementor-element elementor-element-41b4fce e-flex e-con-boxed e-con e-parent\" data-id=\"41b4fce\" data-element_type=\"container\" data-e-type=\"container\">\n\t\t\t\t\t<div class=\"e-con-inner\">\n\t\t<div class=\"elementor-element elementor-element-7620ab3 e-con-full e-flex e-con e-child\" data-id=\"7620ab3\" data-element_type=\"container\" data-e-type=\"container\">\n\t\t<div class=\"elementor-element elementor-element-ff0ae7d e-con-full e-flex e-con e-child\" data-id=\"ff0ae7d\" data-element_type=\"container\" data-e-type=\"container\">\n\t\t\t\t<div class=\"elementor-element elementor-element-43831e8d elementor-widget elementor-widget-heading\" data-id=\"43831e8d\" data-element_type=\"widget\" data-e-type=\"widget\" data-widget_type=\"heading.default\">\n\t\t\t\t\t<h1 class=\"elementor-heading-title elementor-size-default\">Szcz\u0119\u015bliwi ludzie<\/h1>\t\t\t\t<\/div>\n\t\t\t\t<div class=\"elementor-element elementor-element-4944186 elementor-widget__width-initial elementor-widget elementor-widget-text-editor\" data-id=\"4944186\" data-element_type=\"widget\" data-e-type=\"widget\" data-widget_type=\"text-editor.default\">\n\t\t\t\t\t\t\t\t\t<p><span style=\"font-weight: 400;\"><br \/><\/span><span style=\"font-weight: 400;\">Szcz\u0119\u015bliwych ludzi cechuj\u0105 pozytywne emocje, liczne wi\u0119zi spo\u0142eczne, uwa\u017cno\u015b\u0107 na drugiego cz\u0142owieka i osobiste spe\u0142nienie.<\/span><\/p><p><span style=\"font-weight: 400;\">Szcz\u0119\u015bcie przynosi wiele korzy\u015bci, w tym popraw\u0119 zdrowia fizycznego, zwi\u0119kszenie produktywno\u015bci i wy\u017csz\u0105 satysfakcj\u0119 z \u017cycia. <\/span><span style=\"font-weight: 400;\"><br \/><\/span><span style=\"font-weight: 400;\"><br \/><\/span><span style=\"font-weight: 400;\">Promuje r\u00f3wnie\u017c lepsze relacje mi\u0119dzyludzkie i mo\u017ce pom\u00f3c w zmniejszeniu stresu i cierpienia psychicznego.<\/span><\/p><p><span style=\"font-weight: 400;\">Szcz\u0119\u015bliwi ludzie rozumiej\u0105, \u017ce szcz\u0119\u015bcie pochodzi z wn\u0119trza.<\/span><\/p><p><span style=\"font-weight: 400;\">Nie chodzi tylko o okoliczno\u015bci zewn\u0119trzne, ale oto jak postrzegamy \u015bwiat i jak \u0142\u0105czymy si\u0119 ze sob\u0105.<\/span><\/p><p><span style=\"font-weight: 400;\">Szcz\u0119\u015bliwi ludzie piel\u0119gnuj\u0105 ma\u0142e rado\u015bci \u017cycia, dbaj\u0105 o znacz\u0105ce relacje inrealizuj\u0105 swoje pasje, kt\u00f3re sprawiaj\u0105, \u017ce ich dusz\u0119 b\u0142yszcz\u0105.<\/span><\/p><p><span style=\"font-weight: 400;\">Bycie szcz\u0119\u015bliwym to nie tylko cel, ale podr\u00f3\u017c, kt\u00f3ra prowadzi nas do satysfakcjonuj\u0105cego i sensownego \u017cycia.<\/span><\/p><p><span style=\"font-weight: 400;\">B\u0104D\u0179MY SZCZ\u0118\u015aLIWI TU I TERAZ!!!<\/span><\/p>\t\t\t\t\t\t\t\t<\/div>\n\t\t\t\t<\/div>\n\t\t<div class=\"elementor-element elementor-element-ebcdde0 e-con-full e-flex e-con e-child\" data-id=\"ebcdde0\" data-element_type=\"container\" data-e-type=\"container\">\n\t\t\t\t<div class=\"elementor-element elementor-element-f4b5b68 elementor-widget-mobile__width-initial elementor-widget elementor-widget-image\" data-id=\"f4b5b68\" data-element_type=\"widget\" data-e-type=\"widget\" data-widget_type=\"image.default\">\n\t\t\t\t\t\t\t\t\t\t\t\t\t\t\t<img fetchpriority=\"high\" decoding=\"async\" width=\"768\" height=\"1024\" src=\"https:\/\/klubkreatywnychkobiet.pl\/wp-content\/uploads\/2025\/12\/96de4d83-507e-4fa8-9365-5114973f48cc-768x1024.jpeg\" class=\"attachment-large size-large wp-image-392\" alt=\"\" srcset=\"https:\/\/klubkreatywnychkobiet.pl\/wp-content\/uploads\/2025\/12\/96de4d83-507e-4fa8-9365-5114973f48cc-768x1024.jpeg 768w, https:\/\/klubkreatywnychkobiet.pl\/wp-content\/uploads\/2025\/12\/96de4d83-507e-4fa8-9365-5114973f48cc-225x300.jpeg 225w, https:\/\/klubkreatywnychkobiet.pl\/wp-content\/uploads\/2025\/12\/96de4d83-507e-4fa8-9365-5114973f48cc-1152x1536.jpeg 1152w, https:\/\/klubkreatywnychkobiet.pl\/wp-content\/uploads\/2025\/12\/96de4d83-507e-4fa8-9365-5114973f48cc.jpeg 1500w\" sizes=\"(max-width: 768px) 100vw, 768px\" \/>\t\t\t\t\t\t\t\t\t\t\t\t\t\t\t<\/div>\n\t\t\t\t<\/div>\n\t\t\t\t<\/div>\n\t\t\t\t\t<\/div>\n\t\t\t\t<\/div>\n\t\t\t\t<\/div>\n\t\t","protected":false},"excerpt":{"rendered":"<p>Szcz\u0119\u015bliwi ludzie Szcz\u0119\u015bliwych ludzi cechuj\u0105 pozytywne emocje, liczne wi\u0119zi spo\u0142eczne, uwa\u017cno\u015b\u0107 na drugiego cz\u0142owieka i osobiste spe\u0142nienie. Szcz\u0119\u015bcie przynosi wiele korzy\u015bci, w tym popraw\u0119 zdrowia fizycznego, zwi\u0119kszenie produktywno\u015bci i wy\u017csz\u0105 satysfakcj\u0119 z \u017cycia. Promuje r\u00f3wnie\u017c lepsze relacje mi\u0119dzyludzkie i mo\u017ce pom\u00f3c w zmniejszeniu stresu i cierpienia psychicznego. Szcz\u0119\u015bliwi ludzie rozumiej\u0105, \u017ce szcz\u0119\u015bcie pochodzi z wn\u0119trza. [&hellip;]<\/p>\n","protected":false},"author":1,"featured_media":51,"parent":0,"menu_order":0,"comment_status":"closed","ping_status":"closed","template":"elementor_header_footer","meta":{"footnotes":""},"class_list":["post-442","page","type-page","status-publish","has-post-thumbnail","hentry"],"_links":{"self":[{"href":"https:\/\/klubkreatywnychkobiet.pl\/index.php\/wp-json\/wp\/v2\/pages\/442","targetHints":{"allow":["GET"]}}],"collection":[{"href":"https:\/\/klubkreatywnychkobiet.pl\/index.php\/wp-json\/wp\/v2\/pages"}],"about":[{"href":"https:\/\/klubkreatywnychkobiet.pl\/index.php\/wp-json\/wp\/v2\/types\/page"}],"author":[{"embeddable":true,"href":"https:\/\/klubkreatywnychkobiet.pl\/index.php\/wp-json\/wp\/v2\/users\/1"}],"replies":[{"embeddable":true,"href":"https:\/\/klubkreatywnychkobiet.pl\/index.php\/wp-json\/wp\/v2\/comments?post=442"}],"version-history":[{"count":7,"href":"https:\/\/klubkreatywnychkobiet.pl\/index.php\/wp-json\/wp\/v2\/pages\/442\/revisions"}],"predecessor-version":[{"id":451,"href":"https:\/\/klubkreatywnychkobiet.pl\/index.php\/wp-json\/wp\/v2\/pages\/442\/revisions\/451"}],"wp:featuredmedia":[{"embeddable":true,"href":"https:\/\/klubkreatywnychkobiet.pl\/index.php\/wp-json\/wp\/v2\/media\/51"}],"wp:attachment":[{"href":"https:\/\/klubkreatywnychkobiet.pl\/index.php\/wp-json\/wp\/v2\/media?parent=442"}],"curies":[{"name":"wp","href":"https:\/\/api.w.org\/{rel}","templated":true}]}}