{"id":38,"date":"2025-10-29T16:04:15","date_gmt":"2025-10-29T15:04:15","guid":{"rendered":"https:\/\/klubkreatywnychkobiet.pl\/index.php\/about\/"},"modified":"2025-11-28T18:18:47","modified_gmt":"2025-11-28T17:18:47","slug":"about","status":"publish","type":"page","link":"https:\/\/klubkreatywnychkobiet.pl\/index.php\/about\/","title":{"rendered":"About"},"content":{"rendered":"\t\t<div data-elementor-type=\"wp-page\" data-elementor-id=\"38\" class=\"elementor elementor-38\">\n\t\t\t\t<div class=\"elementor-element elementor-element-bbe0e30 e-flex e-con-boxed e-con e-parent\" data-id=\"bbe0e30\" data-element_type=\"container\" data-e-type=\"container\">\n\t\t\t\t\t<div class=\"e-con-inner\">\n\t\t\t\t\t<\/div>\n\t\t\t\t<\/div>\n\t\t<div class=\"elementor-element elementor-element-cab1514 e-con-full e-flex e-con e-parent\" data-id=\"cab1514\" data-element_type=\"container\" data-e-type=\"container\">\n\t\t<div class=\"elementor-element elementor-element-b92eec2 e-con-full e-flex e-con e-child\" data-id=\"b92eec2\" data-element_type=\"container\" data-e-type=\"container\">\n\t\t\t\t<div class=\"elementor-element elementor-element-3353e39a elementor-widget elementor-widget-heading\" data-id=\"3353e39a\" data-element_type=\"widget\" data-e-type=\"widget\" data-widget_type=\"heading.default\">\n\t\t\t\t\t<h1 class=\"elementor-heading-title elementor-size-default\">O mnie i o Klubie Kreatywnych Kobiet<\/h1>\t\t\t\t<\/div>\n\t\t\t\t<div class=\"elementor-element elementor-element-8596bf6 elementor-widget-divider--view-line elementor-widget elementor-widget-divider\" data-id=\"8596bf6\" data-element_type=\"widget\" data-e-type=\"widget\" data-widget_type=\"divider.default\">\n\t\t\t\t\t\t\t<div class=\"elementor-divider\">\n\t\t\t<span class=\"elementor-divider-separator\">\n\t\t\t\t\t\t<\/span>\n\t\t<\/div>\n\t\t\t\t\t\t<\/div>\n\t\t\t\t<div class=\"elementor-element elementor-element-4a2fa918 elementor-widget__width-initial elementor-widget elementor-widget-text-editor\" data-id=\"4a2fa918\" data-element_type=\"widget\" data-e-type=\"widget\" data-widget_type=\"text-editor.default\">\n\t\t\t\t\t\t\t\t\t<p>Mam na imi\u0119 Agnieszka i jestem autork\u0105 pomys\u0142u stworzenia Klubu Kreatywnych Kobiet.<\/p><p>W trudnym czasie pandemii ten projekt narodzi\u0142 si\u0119 jako potrzeba serca \u2014 jako przestrze\u0144, w kt\u00f3rej kobiety mog\u0142y znale\u017a\u0107 wsparcie, zrozumienie, rozw\u00f3j i obecno\u015b\u0107 innych kobiet. Tak powsta\u0142o wyj\u0105tkowe miejsce, tworzone z my\u015bl\u0105 o kobietach, z kobietami i dla kobiet.<\/p><p>Chcia\u0142am, aby by\u0142a to przestrze\u0144, w kt\u00f3rej mo\u017cemy si\u0119 spotyka\u0107, rozmawia\u0107, prze\u017cywa\u0107, rozwija\u0107, zdobywa\u0107 wiedz\u0119 z r\u00f3\u017cnych dziedzin i po prostu czu\u0107 si\u0119 bezpiecznie \u2014 b\u0119d\u0105c cz\u0119\u015bci\u0105 wsp\u00f3lnoty kobiet.<\/p><p>Klub Kreatywnych Kobiet jest otwarty dla kobiet w ka\u017cdym wieku, bez wzgl\u0119du na do\u015bwiadczenia, pogl\u0105dy czy \u017cyciowe historie. Nie ma tu temat\u00f3w tabu. Jest za to wzajemne wsparcie, inspiracja, szacunek oraz bogactwo osobowo\u015bci, kt\u00f3re ka\u017cda z nas wnosi.<\/p>\t\t\t\t\t\t\t\t<\/div>\n\t\t\t\t<\/div>\n\t\t<div class=\"elementor-element elementor-element-0fc804d e-flex e-con-boxed e-con e-child\" data-id=\"0fc804d\" data-element_type=\"container\" data-e-type=\"container\">\n\t\t\t\t\t<div class=\"e-con-inner\">\n\t\t\t\t<div class=\"elementor-element elementor-element-0c9ea0e elementor-widget elementor-widget-image\" data-id=\"0c9ea0e\" data-element_type=\"widget\" data-e-type=\"widget\" data-widget_type=\"image.default\">\n\t\t\t\t\t\t\t\t\t\t\t\t\t\t\t<img fetchpriority=\"high\" decoding=\"async\" width=\"768\" height=\"1024\" src=\"https:\/\/klubkreatywnychkobiet.pl\/wp-content\/uploads\/2025\/11\/WhatsApp-Image-2025-11-10-at-13.56.31-768x1024.jpeg\" class=\"attachment-large size-large wp-image-279\" alt=\"Agnieszka Kubiczek-Turek\" srcset=\"https:\/\/klubkreatywnychkobiet.pl\/wp-content\/uploads\/2025\/11\/WhatsApp-Image-2025-11-10-at-13.56.31-768x1024.jpeg 768w, https:\/\/klubkreatywnychkobiet.pl\/wp-content\/uploads\/2025\/11\/WhatsApp-Image-2025-11-10-at-13.56.31-225x300.jpeg 225w, https:\/\/klubkreatywnychkobiet.pl\/wp-content\/uploads\/2025\/11\/WhatsApp-Image-2025-11-10-at-13.56.31-1152x1536.jpeg 1152w, https:\/\/klubkreatywnychkobiet.pl\/wp-content\/uploads\/2025\/11\/WhatsApp-Image-2025-11-10-at-13.56.31.jpeg 1536w\" sizes=\"(max-width: 768px) 100vw, 768px\" \/>\t\t\t\t\t\t\t\t\t\t\t\t\t\t\t<\/div>\n\t\t\t\t\t<\/div>\n\t\t\t\t<\/div>\n\t\t\t\t<\/div>\n\t\t<div class=\"elementor-element elementor-element-ef72ffa e-flex e-con-boxed e-con e-parent\" data-id=\"ef72ffa\" data-element_type=\"container\" data-e-type=\"container\">\n\t\t\t\t\t<div class=\"e-con-inner\">\n\t\t\t\t\t<\/div>\n\t\t\t\t<\/div>\n\t\t<div class=\"elementor-element elementor-element-78a2a0f e-con-full e-flex e-con e-parent\" data-id=\"78a2a0f\" data-element_type=\"container\" data-e-type=\"container\">\n\t\t<div class=\"elementor-element elementor-element-8c24167 e-con-full e-flex e-con e-child\" data-id=\"8c24167\" data-element_type=\"container\" data-e-type=\"container\">\n\t\t\t\t<div class=\"elementor-element elementor-element-21d3c373 elementor-widget-divider--view-line elementor-widget elementor-widget-divider\" data-id=\"21d3c373\" data-element_type=\"widget\" data-e-type=\"widget\" data-widget_type=\"divider.default\">\n\t\t\t\t\t\t\t<div class=\"elementor-divider\">\n\t\t\t<span class=\"elementor-divider-separator\">\n\t\t\t\t\t\t<\/span>\n\t\t<\/div>\n\t\t\t\t\t\t<\/div>\n\t\t\t\t<div class=\"elementor-element elementor-element-4670f1d elementor-widget elementor-widget-heading\" data-id=\"4670f1d\" data-element_type=\"widget\" data-e-type=\"widget\" data-widget_type=\"heading.default\">\n\t\t\t\t\t<h2 class=\"elementor-heading-title elementor-size-default\">Dzia\u0142amy dla cia\u0142a, umys\u0142u i duszy<\/h2>\t\t\t\t<\/div>\n\t\t\t\t<div class=\"elementor-element elementor-element-946080e elementor-widget-divider--view-line elementor-widget elementor-widget-divider\" data-id=\"946080e\" data-element_type=\"widget\" data-e-type=\"widget\" data-widget_type=\"divider.default\">\n\t\t\t\t\t\t\t<div class=\"elementor-divider\">\n\t\t\t<span class=\"elementor-divider-separator\">\n\t\t\t\t\t\t<\/span>\n\t\t<\/div>\n\t\t\t\t\t\t<\/div>\n\t\t\t\t<div class=\"elementor-element elementor-element-0715dd9 elementor-widget__width-initial elementor-widget elementor-widget-text-editor\" data-id=\"0715dd9\" data-element_type=\"widget\" data-e-type=\"widget\" data-widget_type=\"text-editor.default\">\n\t\t\t\t\t\t\t\t\t<p>\u00a0<\/p><p><strong>Dla cia\u0142a: <\/strong>naturoterapia, techniki relaksacyjne, profilaktyka zdrowia, biologia totalna, fizjoterapia, aromaterapia i inne metody wspieraj\u0105ce dobrostan.<\/p><p><strong>Dla umys\u0142u: <\/strong>wyk\u0142ady o finansach, bezpiecze\u0144stwie, granicach poznania, pot\u0119dze pod\u015bwiadomo\u015bci, spotkania rozwojowe, warsztaty tematyczne, elementy numerologii i tarota.<\/p><p><strong>Dla duszy: <\/strong>satori, joga, medytacje, aromaterapia w wydaniu duchowym, kr\u0119gi kobiet, praca z d\u017awi\u0119kiem \u2014 b\u0119bny, misy i wiele innych do\u015bwiadcze\u0144 otwieraj\u0105cych wewn\u0119trzn\u0105 przestrze\u0144.<\/p><p><strong>Dla tw\u00f3rczej natury: <\/strong>rozwijanie umiej\u0119tno\u015bci, r\u0119kodzie\u0142o, kreatywne warsztaty, sztuka, spotkania z tw\u00f3rcami i tworzenie rzeczy, kt\u00f3re rodz\u0105 si\u0119 z pasji.<\/p>\t\t\t\t\t\t\t\t<\/div>\n\t\t\t\t<div class=\"elementor-element elementor-element-fc0f39f elementor-widget elementor-widget-heading\" data-id=\"fc0f39f\" data-element_type=\"widget\" data-e-type=\"widget\" data-widget_type=\"heading.default\">\n\t\t\t\t\t<h2 class=\"elementor-heading-title elementor-size-default\">Nasza si\u0142a tkwi w byciu razem<\/h2>\t\t\t\t<\/div>\n\t\t\t\t<div class=\"elementor-element elementor-element-e81206e elementor-widget-divider--view-line elementor-widget elementor-widget-divider\" data-id=\"e81206e\" data-element_type=\"widget\" data-e-type=\"widget\" data-widget_type=\"divider.default\">\n\t\t\t\t\t\t\t<div class=\"elementor-divider\">\n\t\t\t<span class=\"elementor-divider-separator\">\n\t\t\t\t\t\t<\/span>\n\t\t<\/div>\n\t\t\t\t\t\t<\/div>\n\t\t\t\t<div class=\"elementor-element elementor-element-16ddf9d elementor-widget__width-initial elementor-widget elementor-widget-text-editor\" data-id=\"16ddf9d\" data-element_type=\"widget\" data-e-type=\"widget\" data-widget_type=\"text-editor.default\">\n\t\t\t\t\t\t\t\t\t<p>Ka\u017cda kobieta mo\u017ce wybra\u0107 co\u015b dla siebie.<\/p><p>Ka\u017cda mo\u017ce poczu\u0107, \u017ce jest tu mile widziana, wa\u017cna, potrzebna.<\/p><p>Jestem otwarta na sugestie, propozycje i nowe pomys\u0142y.<\/p><p>Chcesz wsp\u00f3\u0142tworzy\u0107 to miejsce? A mo\u017ce masz talent, hobby lub do\u015bwiadczenie, kt\u00f3re chcia\u0142aby\u015b wnie\u015b\u0107 do Klubu?<\/p><p>Skontaktuj si\u0119 ze mn\u0105:<\/p><p><strong>503 046 820<\/strong> lub odwied\u017a mnie w <em><strong>Galerii Co\u015b Pi\u0119knego, ul. Ma\u0142achowskiego 2 w Sosnowcu.<\/strong><\/em><\/p>\t\t\t\t\t\t\t\t<\/div>\n\t\t\t\t<div class=\"elementor-element elementor-element-c04a003 elementor-widget elementor-widget-heading\" data-id=\"c04a003\" data-element_type=\"widget\" data-e-type=\"widget\" data-widget_type=\"heading.default\">\n\t\t\t\t\t<h2 class=\"elementor-heading-title elementor-size-default\">Razem mo\u017cemy realizowa\u0107 niezwyk\u0142e pomys\u0142y z pomoc\u0105 do\u015bwiadczonych, pe\u0142nych pasji specjalist\u00f3w, kt\u00f3rzy ch\u0119tnie dziel\u0105 si\u0119 wiedz\u0105 i energi\u0105.<br><br><\/h2>\t\t\t\t<\/div>\n\t\t\t\t<\/div>\n\t\t<div class=\"elementor-element elementor-element-0da5554 e-con-full e-flex e-con e-child\" data-id=\"0da5554\" data-element_type=\"container\" data-e-type=\"container\">\n\t\t\t\t<\/div>\n\t\t\t\t<\/div>\n\t\t<div class=\"elementor-element elementor-element-0a3117e e-con-full e-flex e-con e-parent\" data-id=\"0a3117e\" data-element_type=\"container\" data-e-type=\"container\">\n\t\t<div class=\"elementor-element elementor-element-38135a4 e-con-full e-flex e-con e-child\" data-id=\"38135a4\" data-element_type=\"container\" data-e-type=\"container\">\n\t\t\t\t<\/div>\n\t\t<div class=\"elementor-element elementor-element-550e5ec e-con-full e-flex e-con e-child\" data-id=\"550e5ec\" data-element_type=\"container\" data-e-type=\"container\">\n\t\t\t\t<div class=\"elementor-element elementor-element-b61a691 elementor-pagination-position-inside elementor-widget elementor-widget-image-carousel\" data-id=\"b61a691\" data-element_type=\"widget\" data-e-type=\"widget\" data-settings=\"{&quot;slides_to_show&quot;:&quot;1&quot;,&quot;navigation&quot;:&quot;dots&quot;,&quot;pause_on_hover&quot;:&quot;no&quot;,&quot;pause_on_interaction&quot;:&quot;no&quot;,&quot;autoplay&quot;:&quot;yes&quot;,&quot;autoplay_speed&quot;:5000,&quot;infinite&quot;:&quot;yes&quot;,&quot;effect&quot;:&quot;slide&quot;,&quot;speed&quot;:500}\" data-widget_type=\"image-carousel.default\">\n\t\t\t\t\t\t\t<div class=\"elementor-image-carousel-wrapper swiper\" role=\"region\" aria-roledescription=\"carousel\" aria-label=\"Karuzela obrazk\u00f3w\" dir=\"ltr\">\n\t\t\t<div class=\"elementor-image-carousel swiper-wrapper swiper-image-stretch\" aria-live=\"off\">\n\t\t\t\t\t\t\t\t<div class=\"swiper-slide\" role=\"group\" aria-roledescription=\"slide\" aria-label=\"1 z 2\"><figure class=\"swiper-slide-inner\"><img decoding=\"async\" class=\"swiper-slide-image\" src=\"https:\/\/klubkreatywnychkobiet.pl\/wp-content\/uploads\/2025\/11\/WhatsApp-Image-2025-11-10-at-14.10.08.jpeg\" alt=\"WhatsApp Image 2025-11-10 at 14.10.08\" \/><\/figure><\/div><div class=\"swiper-slide\" role=\"group\" aria-roledescription=\"slide\" aria-label=\"2 z 2\"><figure class=\"swiper-slide-inner\"><img decoding=\"async\" class=\"swiper-slide-image\" src=\"https:\/\/klubkreatywnychkobiet.pl\/wp-content\/uploads\/2025\/11\/WhatsApp-Image-2025-11-10-at-14.13.00.jpeg\" alt=\"WhatsApp Image 2025-11-10 at 14.13.00\" \/><\/figure><\/div>\t\t\t<\/div>\n\t\t\t\t\t\t\t\n\t\t\t\t\t\t\t\t\t<div class=\"swiper-pagination\"><\/div>\n\t\t\t\t\t\t\t\t\t<\/div>\n\t\t\t\t\t\t<\/div>\n\t\t\t\t<\/div>\n\t\t<div class=\"elementor-element elementor-element-d6668f1 e-con-full e-flex e-con e-child\" data-id=\"d6668f1\" data-element_type=\"container\" data-e-type=\"container\">\n\t\t\t\t<\/div>\n\t\t<div class=\"elementor-element elementor-element-996fbae e-con-full e-flex e-con e-child\" data-id=\"996fbae\" data-element_type=\"container\" data-e-type=\"container\">\n\t\t\t\t<div class=\"elementor-element elementor-element-76a94d2 elementor-widget elementor-widget-heading\" data-id=\"76a94d2\" data-element_type=\"widget\" data-e-type=\"widget\" data-widget_type=\"heading.default\">\n\t\t\t\t\t<h2 class=\"elementor-heading-title elementor-size-default\"><i>  \n Moja wizja<\/i><\/h2>\t\t\t\t<\/div>\n\t\t\t\t<div class=\"elementor-element elementor-element-c011d2f elementor-widget__width-initial elementor-widget elementor-widget-text-editor\" data-id=\"c011d2f\" data-element_type=\"widget\" data-e-type=\"widget\" data-widget_type=\"text-editor.default\">\n\t\t\t\t\t\t\t\t\t<p><em><strong>Marz\u0119, by kobiety mia\u0142y pe\u0142n\u0105 \u015bwiadomo\u015b\u0107 swojej kobiecej energii, si\u0142y i sprawczo\u015bci \u2014 nie trac\u0105c przy tym delikatno\u015bci, wdzi\u0119ku i uwa\u017cno\u015bci na siebie.<\/strong><\/em><\/p><p><em><strong>Chc\u0119, aby kr\u0119gi kobiet zatacza\u0142y coraz szersze fale: nap\u0119dzone kreatywno\u015bci\u0105, intuicj\u0105 i wzajemnym wsparciem.<\/strong><\/em><\/p>\t\t\t\t\t\t\t\t<\/div>\n\t\t\t\t<\/div>\n\t\t\t\t<\/div>\n\t\t<div class=\"elementor-element elementor-element-63e9342 e-flex e-con-boxed e-con e-parent\" data-id=\"63e9342\" data-element_type=\"container\" data-e-type=\"container\">\n\t\t\t\t\t<div class=\"e-con-inner\">\n\t\t\t\t\t<\/div>\n\t\t\t\t<\/div>\n\t\t<div class=\"elementor-element elementor-element-2cab783 e-con-full e-flex e-con e-parent\" data-id=\"2cab783\" data-element_type=\"container\" data-e-type=\"container\">\n\t\t<div class=\"elementor-element elementor-element-44a8e47 e-con-full e-flex e-con e-child\" data-id=\"44a8e47\" data-element_type=\"container\" data-e-type=\"container\">\n\t\t\t\t<\/div>\n\t\t<div class=\"elementor-element elementor-element-1ec56a8 e-con-full e-flex e-con e-child\" data-id=\"1ec56a8\" data-element_type=\"container\" data-e-type=\"container\">\n\t\t\t\t<div class=\"elementor-element elementor-element-a5cbbd5 elementor-pagination-position-inside elementor-widget elementor-widget-image-carousel\" data-id=\"a5cbbd5\" data-element_type=\"widget\" data-e-type=\"widget\" data-settings=\"{&quot;slides_to_show&quot;:&quot;1&quot;,&quot;navigation&quot;:&quot;dots&quot;,&quot;pause_on_hover&quot;:&quot;no&quot;,&quot;pause_on_interaction&quot;:&quot;no&quot;,&quot;autoplay&quot;:&quot;yes&quot;,&quot;autoplay_speed&quot;:5000,&quot;infinite&quot;:&quot;yes&quot;,&quot;effect&quot;:&quot;slide&quot;,&quot;speed&quot;:500}\" data-widget_type=\"image-carousel.default\">\n\t\t\t\t\t\t\t<div class=\"elementor-image-carousel-wrapper swiper\" role=\"region\" aria-roledescription=\"carousel\" aria-label=\"Karuzela obrazk\u00f3w\" dir=\"ltr\">\n\t\t\t<div class=\"elementor-image-carousel swiper-wrapper swiper-image-stretch\" aria-live=\"off\">\n\t\t\t\t\t\t\t\t<div class=\"swiper-slide\" role=\"group\" aria-roledescription=\"slide\" aria-label=\"1 z 1\"><figure class=\"swiper-slide-inner\"><img decoding=\"async\" class=\"swiper-slide-image\" src=\"https:\/\/klubkreatywnychkobiet.pl\/wp-content\/uploads\/2025\/11\/Screenshot-2025-11-20-at-19.03.28.png\" alt=\"Screenshot 2025-11-20 at 19.03.28\" \/><\/figure><\/div>\t\t\t<\/div>\n\t\t\t\t\t<\/div>\n\t\t\t\t\t\t<\/div>\n\t\t\t\t<\/div>\n\t\t<div class=\"elementor-element elementor-element-7299de9 e-con-full e-flex e-con e-child\" data-id=\"7299de9\" data-element_type=\"container\" data-e-type=\"container\">\n\t\t\t\t<\/div>\n\t\t<div class=\"elementor-element elementor-element-c3abf9e e-con-full e-flex e-con e-child\" data-id=\"c3abf9e\" data-element_type=\"container\" data-e-type=\"container\">\n\t\t\t\t<div class=\"elementor-element elementor-element-46d26c0 elementor-widget elementor-widget-heading\" data-id=\"46d26c0\" data-element_type=\"widget\" data-e-type=\"widget\" data-widget_type=\"heading.default\">\n\t\t\t\t\t<h2 class=\"elementor-heading-title elementor-size-default\"><i>Zainspiruj si\u0119<\/i><\/h2>\t\t\t\t<\/div>\n\t\t\t\t<div class=\"elementor-element elementor-element-bd69a66 elementor-widget__width-initial elementor-widget elementor-widget-text-editor\" data-id=\"bd69a66\" data-element_type=\"widget\" data-e-type=\"widget\" data-widget_type=\"text-editor.default\">\n\t\t\t\t\t\t\t\t\t<p><em>\u201eKropla dr\u0105\u017cy ska\u0142\u0119. Drobny gest mo\u017ce zmieni\u0107 \u017cycie.<\/em><\/p><p><em>Ma\u0142a, \u015bwiadoma grupa kobiet mo\u017ce odmieni\u0107 wiele.<\/em><\/p><p><em>Warto dzia\u0142a\u0107, warto by\u0107 sob\u0105.<\/em><\/p><p><em>Nie por\u00f3wnuj si\u0119 z wczorajsz\u0105 sob\u0105.<\/em><\/p><p><em>B\u0105d\u017a dzi\u015b o jeden u\u015bmiech bli\u017cej tej, kt\u00f3r\u0105 pragniesz si\u0119 sta\u0107.\u201d<br \/><\/em><\/p>\t\t\t\t\t\t\t\t<\/div>\n\t\t\t\t<\/div>\n\t\t\t\t<\/div>\n\t\t\t\t<\/div>\n\t\t","protected":false},"excerpt":{"rendered":"<p>O mnie i o Klubie Kreatywnych Kobiet Mam na imi\u0119 Agnieszka i jestem autork\u0105 pomys\u0142u stworzenia Klubu Kreatywnych Kobiet. W trudnym czasie pandemii ten projekt narodzi\u0142 si\u0119 jako potrzeba serca \u2014 jako przestrze\u0144, w kt\u00f3rej kobiety mog\u0142y znale\u017a\u0107 wsparcie, zrozumienie, rozw\u00f3j i obecno\u015b\u0107 innych kobiet. Tak powsta\u0142o wyj\u0105tkowe miejsce, tworzone z my\u015bl\u0105 o kobietach, z [&hellip;]<\/p>\n","protected":false},"author":1,"featured_media":45,"parent":0,"menu_order":0,"comment_status":"closed","ping_status":"closed","template":"elementor_header_footer","meta":{"footnotes":""},"class_list":["post-38","page","type-page","status-publish","has-post-thumbnail","hentry"],"_links":{"self":[{"href":"https:\/\/klubkreatywnychkobiet.pl\/index.php\/wp-json\/wp\/v2\/pages\/38","targetHints":{"allow":["GET"]}}],"collection":[{"href":"https:\/\/klubkreatywnychkobiet.pl\/index.php\/wp-json\/wp\/v2\/pages"}],"about":[{"href":"https:\/\/klubkreatywnychkobiet.pl\/index.php\/wp-json\/wp\/v2\/types\/page"}],"author":[{"embeddable":true,"href":"https:\/\/klubkreatywnychkobiet.pl\/index.php\/wp-json\/wp\/v2\/users\/1"}],"replies":[{"embeddable":true,"href":"https:\/\/klubkreatywnychkobiet.pl\/index.php\/wp-json\/wp\/v2\/comments?post=38"}],"version-history":[{"count":56,"href":"https:\/\/klubkreatywnychkobiet.pl\/index.php\/wp-json\/wp\/v2\/pages\/38\/revisions"}],"predecessor-version":[{"id":419,"href":"https:\/\/klubkreatywnychkobiet.pl\/index.php\/wp-json\/wp\/v2\/pages\/38\/revisions\/419"}],"wp:featuredmedia":[{"embeddable":true,"href":"https:\/\/klubkreatywnychkobiet.pl\/index.php\/wp-json\/wp\/v2\/media\/45"}],"wp:attachment":[{"href":"https:\/\/klubkreatywnychkobiet.pl\/index.php\/wp-json\/wp\/v2\/media?parent=38"}],"curies":[{"name":"wp","href":"https:\/\/api.w.org\/{rel}","templated":true}]}}