{"id":22,"date":"2025-10-29T16:04:14","date_gmt":"2025-10-29T15:04:14","guid":{"rendered":"https:\/\/klubkreatywnychkobiet.pl\/index.php\/gallery\/"},"modified":"2026-01-27T17:03:55","modified_gmt":"2026-01-27T16:03:55","slug":"gallery","status":"publish","type":"page","link":"https:\/\/klubkreatywnychkobiet.pl\/index.php\/gallery\/","title":{"rendered":"Kalendarz wydarze\u0144"},"content":{"rendered":"\t\t<div data-elementor-type=\"wp-page\" data-elementor-id=\"22\" class=\"elementor elementor-22\">\n\t\t\t\t<div class=\"elementor-element elementor-element-2dfa645a e-flex e-con-boxed e-con e-parent\" data-id=\"2dfa645a\" data-element_type=\"container\" data-e-type=\"container\">\n\t\t\t\t\t<div class=\"e-con-inner\">\n\t\t<div class=\"elementor-element elementor-element-b0c340f e-con-full e-flex e-con e-child\" data-id=\"b0c340f\" data-element_type=\"container\" data-e-type=\"container\">\n\t\t\t\t<\/div>\n\t\t\t\t<div class=\"elementor-element elementor-element-403f272e elementor-widget elementor-widget-heading\" data-id=\"403f272e\" data-element_type=\"widget\" data-e-type=\"widget\" data-widget_type=\"heading.default\">\n\t\t\t\t\t<h1 class=\"elementor-heading-title elementor-size-default\">Co nowego u nas w najbli\u017cszym czasie?<\/h1>\t\t\t\t<\/div>\n\t\t\t\t<div class=\"elementor-element elementor-element-22bf8dba elementor-widget-divider--view-line elementor-widget elementor-widget-divider\" data-id=\"22bf8dba\" data-element_type=\"widget\" data-e-type=\"widget\" data-widget_type=\"divider.default\">\n\t\t\t\t\t\t\t<div class=\"elementor-divider\">\n\t\t\t<span class=\"elementor-divider-separator\">\n\t\t\t\t\t\t<\/span>\n\t\t<\/div>\n\t\t\t\t\t\t<\/div>\n\t\t<div class=\"elementor-element elementor-element-0755a2a e-con-full e-flex e-con e-child\" data-id=\"0755a2a\" data-element_type=\"container\" data-e-type=\"container\">\n\t\t\t\t<\/div>\n\t\t\t\t\t<\/div>\n\t\t\t\t<\/div>\n\t\t<div class=\"elementor-element elementor-element-440f12e7 e-flex e-con-boxed e-con e-parent\" data-id=\"440f12e7\" data-element_type=\"container\" data-e-type=\"container\">\n\t\t\t\t\t<div class=\"e-con-inner\">\n\t\t\t\t<div class=\"elementor-element elementor-element-a05ddd7 elementor-widget elementor-widget-heading\" data-id=\"a05ddd7\" data-element_type=\"widget\" data-e-type=\"widget\" data-widget_type=\"heading.default\">\n\t\t\t\t\t<h1 class=\"elementor-heading-title elementor-size-default\">Chcesz do\u0142\u0105czy\u0107? Wype\u0142nij formularz <br>i wpisz si\u0119 na list\u0119<\/h1>\t\t\t\t<\/div>\n\t\t\t\t<div class=\"elementor-element elementor-element-be96653 elementor-widget elementor-widget-button\" data-id=\"be96653\" data-element_type=\"widget\" data-e-type=\"widget\" data-widget_type=\"button.default\">\n\t\t\t\t\t\t\t\t\t\t<a class=\"elementor-button elementor-button-link elementor-size-sm\" href=\"https:\/\/forms.gle\/AgRc2HNb9oP78Av86\">\n\t\t\t\t\t\t<span class=\"elementor-button-content-wrapper\">\n\t\t\t\t\t\t\t\t\t<span class=\"elementor-button-text\">Zapisuj\u0119 si\u0119!<\/span>\n\t\t\t\t\t<\/span>\n\t\t\t\t\t<\/a>\n\t\t\t\t\t\t\t\t<\/div>\n\t\t\t\t\t<\/div>\n\t\t\t\t<\/div>\n\t\t<div class=\"elementor-element elementor-element-6299865 e-grid e-con-boxed e-con e-parent\" data-id=\"6299865\" data-element_type=\"container\" data-e-type=\"container\">\n\t\t\t\t\t<div class=\"e-con-inner\">\n\t\t\t\t\t<\/div>\n\t\t\t\t<\/div>\n\t\t<div class=\"elementor-element elementor-element-deeff51 e-flex e-con-boxed e-con e-parent\" data-id=\"deeff51\" data-element_type=\"container\" data-e-type=\"container\">\n\t\t\t\t\t<div class=\"e-con-inner\">\n\t\t\t\t\t<\/div>\n\t\t\t\t<\/div>\n\t\t\t\t<\/div>\n\t\t","protected":false},"excerpt":{"rendered":"<p>Co nowego u nas w najbli\u017cszym czasie? Search Wydarzenie Kiedy Joga 1770139800 03\/02\/2026\/17:30 &#8211; 19:00 Kobiece spotkania z aromaterapi\u0105. Nami\u0119tno\u015b\u0107 zamkni\u0119ta w zapachach. 1770399000 06\/02\/2026\/17:30 &#8211; 19:00 Odkryj sw\u00f3j 2026r. NeuroFotoTworzenie 1770458400 07\/02\/2026\/10:00 &#8211; 14:00 Co robicie, jak ju\u017c Was dopadnie? 1770831000 11\/02\/2026\/17:30 &#8211; 19:00 KR\u0104G MIESZANY \u201eO TYM, CO \u017bYWE\u201d 1770917400 12\/02\/2026\/17:30 &#8211; 19:30 [&hellip;]<\/p>\n","protected":false},"author":1,"featured_media":33,"parent":0,"menu_order":0,"comment_status":"closed","ping_status":"closed","template":"elementor_header_footer","meta":{"footnotes":""},"class_list":["post-22","page","type-page","status-publish","has-post-thumbnail","hentry"],"_links":{"self":[{"href":"https:\/\/klubkreatywnychkobiet.pl\/index.php\/wp-json\/wp\/v2\/pages\/22","targetHints":{"allow":["GET"]}}],"collection":[{"href":"https:\/\/klubkreatywnychkobiet.pl\/index.php\/wp-json\/wp\/v2\/pages"}],"about":[{"href":"https:\/\/klubkreatywnychkobiet.pl\/index.php\/wp-json\/wp\/v2\/types\/page"}],"author":[{"embeddable":true,"href":"https:\/\/klubkreatywnychkobiet.pl\/index.php\/wp-json\/wp\/v2\/users\/1"}],"replies":[{"embeddable":true,"href":"https:\/\/klubkreatywnychkobiet.pl\/index.php\/wp-json\/wp\/v2\/comments?post=22"}],"version-history":[{"count":136,"href":"https:\/\/klubkreatywnychkobiet.pl\/index.php\/wp-json\/wp\/v2\/pages\/22\/revisions"}],"predecessor-version":[{"id":539,"href":"https:\/\/klubkreatywnychkobiet.pl\/index.php\/wp-json\/wp\/v2\/pages\/22\/revisions\/539"}],"wp:featuredmedia":[{"embeddable":true,"href":"https:\/\/klubkreatywnychkobiet.pl\/index.php\/wp-json\/wp\/v2\/media\/33"}],"wp:attachment":[{"href":"https:\/\/klubkreatywnychkobiet.pl\/index.php\/wp-json\/wp\/v2\/media?parent=22"}],"curies":[{"name":"wp","href":"https:\/\/api.w.org\/{rel}","templated":true}]}}